{"id":7097,"date":"2025-08-18T09:01:29","date_gmt":"2025-08-18T07:01:29","guid":{"rendered":"http:\/\/ebm-new.de\/impressum\/"},"modified":"2026-01-06T13:39:54","modified_gmt":"2026-01-06T12:39:54","slug":"imprint","status":"publish","type":"page","link":"https:\/\/sauerteig.de\/en\/imprint\/","title":{"rendered":"Imprint"},"content":{"rendered":"\t\t<div data-elementor-type=\"wp-page\" data-elementor-id=\"7097\" class=\"elementor elementor-7097 elementor-6587\" data-elementor-post-type=\"page\">\n\t\t\t\t<div class=\"elementor-element elementor-element-4d1ed0f e-flex e-con-boxed e-con e-parent\" data-id=\"4d1ed0f\" data-element_type=\"container\" data-e-type=\"container\">\n\t\t\t\t\t<div class=\"e-con-inner\">\n\t\t\t\t<div class=\"elementor-element elementor-element-af5a155 elementor-widget elementor-widget-heading\" data-id=\"af5a155\" data-element_type=\"widget\" data-e-type=\"widget\" data-widget_type=\"heading.default\">\n\t\t\t\t\t<h1 class=\"elementor-heading-title elementor-size-default\">Imprint<\/h1>\t\t\t\t<\/div>\n\t\t\t\t<div class=\"elementor-element elementor-element-08924c6 elementor-widget elementor-widget-text-editor\" data-id=\"08924c6\" data-element_type=\"widget\" data-e-type=\"widget\" data-widget_type=\"text-editor.default\">\n\t\t\t\t\t\t\t\t\t<p><strong>Ernst B\u00d6CKER GmbH &amp; Co. KG<\/strong><br \/>Ringstr. 55 \u2013 57\u00a0<br \/>32427 Minden, Westphalia, Germany<\/p><p>Tel. +49 571\/837 99-0\u00a0<br \/>Fax +49 571\/837 99-20<\/p><p>info@sauerteig.de<br \/>sauerteig.de<\/p><p>Registration Court: Amtsgericht Bad Oeynhausen<br \/>Registration Number: HR A 2596<\/p>\t\t\t\t\t\t\t\t<\/div>\n\t\t\t\t<div class=\"elementor-element elementor-element-abba163 elementor-icon-list--layout-traditional elementor-list-item-link-full_width elementor-widget elementor-widget-icon-list\" data-id=\"abba163\" data-element_type=\"widget\" data-e-type=\"widget\" data-widget_type=\"icon-list.default\">\n\t\t\t\t\t\t\t<ul class=\"elementor-icon-list-items\">\n\t\t\t\t\t\t\t<li class=\"elementor-icon-list-item\">\n\t\t\t\t\t\t\t\t\t\t\t<span class=\"elementor-icon-list-icon\">\n\t\t\t\t\t\t\t<svg aria-hidden=\"true\" class=\"e-font-icon-svg e-fas-circle\" viewBox=\"0 0 512 512\" xmlns=\"http:\/\/www.w3.org\/2000\/svg\"><path d=\"M256 8C119 8 8 119 8 256s111 248 248 248 248-111 248-248S393 8 256 8z\"><\/path><\/svg>\t\t\t\t\t\t<\/span>\n\t\t\t\t\t\t\t\t\t\t<span class=\"elementor-icon-list-text\">Personally liable partner: <br \/> B\u00d6CKER Associated Company with limited liability <br \/>Amtsgericht Bad Oeynhausen HR B 3720 <br \/> <br \/>Managing Directors: Dr. Georg B\u00f6cker, Dr. Lukas B\u00f6cker, Sabina B\u00f6cker, Arno Purschke, Jonathan Seiler <br \/> USt.-Id.Nr.: DE 126027459\u00a0<\/span>\n\t\t\t\t\t\t\t\t\t<\/li>\n\t\t\t\t\t\t\t\t<li class=\"elementor-icon-list-item\">\n\t\t\t\t\t\t\t\t\t\t\t<span class=\"elementor-icon-list-icon\">\n\t\t\t\t\t\t\t<svg aria-hidden=\"true\" class=\"e-font-icon-svg e-fas-circle\" viewBox=\"0 0 512 512\" xmlns=\"http:\/\/www.w3.org\/2000\/svg\"><path d=\"M256 8C119 8 8 119 8 256s111 248 248 248 248-111 248-248S393 8 256 8z\"><\/path><\/svg>\t\t\t\t\t\t<\/span>\n\t\t\t\t\t\t\t\t\t\t<span class=\"elementor-icon-list-text\">Authorised control station: DE-\u00d6KO-006<\/span>\n\t\t\t\t\t\t\t\t\t<\/li>\n\t\t\t\t\t\t<\/ul>\n\t\t\t\t\t\t<\/div>\n\t\t\t\t<div class=\"elementor-element elementor-element-2e02ff7 elementor-widget elementor-widget-heading\" data-id=\"2e02ff7\" data-element_type=\"widget\" data-e-type=\"widget\" data-widget_type=\"heading.default\">\n\t\t\t\t\t<h2 class=\"elementor-heading-title elementor-size-default\">AGB \/ General Terms and Conditions of Delivery and Payment<\/h2>\t\t\t\t<\/div>\n\t\t\t\t<div class=\"elementor-element elementor-element-db15427 elementor-widget elementor-widget-text-editor\" data-id=\"db15427\" data-element_type=\"widget\" data-e-type=\"widget\" data-widget_type=\"text-editor.default\">\n\t\t\t\t\t\t\t\t\t<p>Here you will find our terms and conditions as a PDF file for download.<br \/>You can save and\/or print this file.<br \/><a href=\"\/wp-content\/uploads\/2025\/08\/BOECKER_AGB_04_2020_EN.pdf\" target=\"_blank\" rel=\"noopener\"><strong>AGB (PDF, 129 KB)<\/strong><\/a><\/p>\t\t\t\t\t\t\t\t<\/div>\n\t\t\t\t\t<\/div>\n\t\t\t\t<\/div>\n\t\t<div class=\"elementor-element elementor-element-cfbd4a6 e-con-full e-flex e-con e-parent\" data-id=\"cfbd4a6\" data-element_type=\"container\" data-e-type=\"container\">\n\t\t\t\t<div class=\"elementor-element elementor-element-eece9a7 elementor-view-stacked elementor-shape-circle elementor-widget elementor-widget-icon\" data-id=\"eece9a7\" data-element_type=\"widget\" data-e-type=\"widget\" data-settings=\"{&quot;sticky&quot;:&quot;bottom&quot;,&quot;sticky_on&quot;:[&quot;widescreen&quot;,&quot;desktop&quot;,&quot;laptop&quot;,&quot;tablet_extra&quot;,&quot;tablet&quot;,&quot;mobile_extra&quot;,&quot;mobile&quot;],&quot;sticky_offset&quot;:0,&quot;sticky_effects_offset&quot;:0,&quot;sticky_anchor_link_offset&quot;:0}\" data-widget_type=\"icon.default\">\n\t\t\t\t\t\t\t<div class=\"elementor-icon-wrapper\">\n\t\t\t<a class=\"elementor-icon\" href=\"#\" back-to-top=\"\">\n\t\t\t<svg aria-hidden=\"true\" class=\"e-font-icon-svg e-fas-chevron-up\" viewBox=\"0 0 448 512\" xmlns=\"http:\/\/www.w3.org\/2000\/svg\"><path d=\"M240.971 130.524l194.343 194.343c9.373 9.373 9.373 24.569 0 33.941l-22.667 22.667c-9.357 9.357-24.522 9.375-33.901.04L224 227.495 69.255 381.516c-9.379 9.335-24.544 9.317-33.901-.04l-22.667-22.667c-9.373-9.373-9.373-24.569 0-33.941L207.03 130.525c9.372-9.373 24.568-9.373 33.941-.001z\"><\/path><\/svg>\t\t\t<\/a>\n\t\t<\/div>\n\t\t\t\t\t\t<\/div>\n\t\t\t\t<\/div>\n\t\t\t\t<\/div>\n\t\t","protected":false},"excerpt":{"rendered":"<p>Imprint Ernst B\u00d6CKER GmbH &amp; Co. KGRingstr. 55 \u2013 57\u00a032427 Minden, Westphalia, Germany Tel. +49 571\/837 99-0\u00a0Fax +49 571\/837 99-20 info@sauerteig.desauerteig.de Registration Court: Amtsgericht Bad OeynhausenRegistration Number: HR A 2596 Personally liable partner: B\u00d6CKER Associated Company with limited liability Amtsgericht Bad Oeynhausen HR B 3720 Managing Directors: Dr. Georg B\u00f6cker, Dr. Lukas B\u00f6cker, Sabina B\u00f6cker, [&hellip;]<\/p>\n","protected":false},"author":4,"featured_media":0,"parent":0,"menu_order":0,"comment_status":"closed","ping_status":"closed","template":"","meta":{"_acf_changed":false,"inline_featured_image":false,"footnotes":""},"class_list":["post-7097","page","type-page","status-publish","hentry"],"acf":[],"yoast_head":"<!-- This site is optimized with the Yoast SEO plugin v27.3 - https:\/\/yoast.com\/product\/yoast-seo-wordpress\/ -->\n<title>Imprint \u2014 B\u00d6CKER \u2013Your expert in fermentation<\/title>\n<meta name=\"robots\" content=\"index, follow, max-snippet:-1, max-image-preview:large, max-video-preview:-1\" \/>\n<link rel=\"canonical\" href=\"https:\/\/sauerteig.de\/en\/imprint\/\" \/>\n<meta property=\"og:locale\" content=\"en_US\" \/>\n<meta property=\"og:type\" content=\"article\" \/>\n<meta property=\"og:title\" content=\"Imprint \u2014 B\u00d6CKER \u2013Your expert in fermentation\" \/>\n<meta property=\"og:description\" content=\"Imprint Ernst B\u00d6CKER GmbH &amp; Co. KGRingstr. 55 \u2013 57\u00a032427 Minden, Westphalia, Germany Tel. +49 571\/837 99-0\u00a0Fax +49 571\/837 99-20 info@sauerteig.desauerteig.de Registration Court: Amtsgericht Bad OeynhausenRegistration Number: HR A 2596 Personally liable partner: B\u00d6CKER Associated Company with limited liability Amtsgericht Bad Oeynhausen HR B 3720 Managing Directors: Dr. Georg B\u00f6cker, Dr. Lukas B\u00f6cker, Sabina B\u00f6cker, [&hellip;]\" \/>\n<meta property=\"og:url\" content=\"https:\/\/sauerteig.de\/en\/imprint\/\" \/>\n<meta property=\"og:site_name\" content=\"BOE\" \/>\n<meta property=\"article:publisher\" content=\"https:\/\/www.facebook.com\/IhrSauerteigSpezialist\/\" \/>\n<meta property=\"article:modified_time\" content=\"2026-01-06T12:39:54+00:00\" \/>\n<meta property=\"og:image\" content=\"https:\/\/sauerteig.de\/wp-content\/uploads\/2025\/04\/BOECKER_Logo_EN_Claim-1.png\" \/>\n\t<meta property=\"og:image:width\" content=\"1731\" \/>\n\t<meta property=\"og:image:height\" content=\"546\" \/>\n\t<meta property=\"og:image:type\" content=\"image\/png\" \/>\n<meta name=\"twitter:card\" content=\"summary_large_image\" \/>\n<meta name=\"twitter:label1\" content=\"Est. reading time\" \/>\n\t<meta name=\"twitter:data1\" content=\"1 minute\" \/>\n<script type=\"application\/ld+json\" class=\"yoast-schema-graph\">{\"@context\":\"https:\\\/\\\/schema.org\",\"@graph\":[{\"@type\":\"WebPage\",\"@id\":\"https:\\\/\\\/sauerteig.de\\\/en\\\/imprint\\\/\",\"url\":\"https:\\\/\\\/sauerteig.de\\\/en\\\/imprint\\\/\",\"name\":\"Imprint \u2014 B\u00d6CKER \u2013Your expert in fermentation\",\"isPartOf\":{\"@id\":\"https:\\\/\\\/sauerteig.de\\\/en\\\/#website\"},\"datePublished\":\"2025-08-18T07:01:29+00:00\",\"dateModified\":\"2026-01-06T12:39:54+00:00\",\"breadcrumb\":{\"@id\":\"https:\\\/\\\/sauerteig.de\\\/en\\\/imprint\\\/#breadcrumb\"},\"inLanguage\":\"en-US\",\"potentialAction\":[{\"@type\":\"ReadAction\",\"target\":[\"https:\\\/\\\/sauerteig.de\\\/en\\\/imprint\\\/\"]}]},{\"@type\":\"BreadcrumbList\",\"@id\":\"https:\\\/\\\/sauerteig.de\\\/en\\\/imprint\\\/#breadcrumb\",\"itemListElement\":[{\"@type\":\"ListItem\",\"position\":1,\"name\":\"Home\",\"item\":\"https:\\\/\\\/sauerteig.de\\\/en\\\/\"},{\"@type\":\"ListItem\",\"position\":2,\"name\":\"Imprint\"}]},{\"@type\":\"WebSite\",\"@id\":\"https:\\\/\\\/sauerteig.de\\\/en\\\/#website\",\"url\":\"https:\\\/\\\/sauerteig.de\\\/en\\\/\",\"name\":\"B\u00d6CKER\",\"description\":\"dein Fermentations-Experte\",\"publisher\":{\"@id\":\"https:\\\/\\\/sauerteig.de\\\/en\\\/#organization\"},\"potentialAction\":[{\"@type\":\"SearchAction\",\"target\":{\"@type\":\"EntryPoint\",\"urlTemplate\":\"https:\\\/\\\/sauerteig.de\\\/en\\\/?s={search_term_string}\"},\"query-input\":{\"@type\":\"PropertyValueSpecification\",\"valueRequired\":true,\"valueName\":\"search_term_string\"}}],\"inLanguage\":\"en-US\"},{\"@type\":\"Organization\",\"@id\":\"https:\\\/\\\/sauerteig.de\\\/en\\\/#organization\",\"name\":\"B\u00d6CKER\",\"url\":\"https:\\\/\\\/sauerteig.de\\\/en\\\/\",\"logo\":{\"@type\":\"ImageObject\",\"inLanguage\":\"en-US\",\"@id\":\"https:\\\/\\\/sauerteig.de\\\/en\\\/#\\\/schema\\\/logo\\\/image\\\/\",\"url\":\"https:\\\/\\\/sauerteig.de\\\/wp-content\\\/uploads\\\/2025\\\/04\\\/BOECKER_Logo_EN_Claim-sm-3.png\",\"contentUrl\":\"https:\\\/\\\/sauerteig.de\\\/wp-content\\\/uploads\\\/2025\\\/04\\\/BOECKER_Logo_EN_Claim-sm-3.png\",\"width\":600,\"height\":189,\"caption\":\"B\u00d6CKER\"},\"image\":{\"@id\":\"https:\\\/\\\/sauerteig.de\\\/en\\\/#\\\/schema\\\/logo\\\/image\\\/\"},\"sameAs\":[\"https:\\\/\\\/www.facebook.com\\\/IhrSauerteigSpezialist\\\/\",\"https:\\\/\\\/www.youtube.com\\\/@sauerteig_spezialist\",\"https:\\\/\\\/www.linkedin.com\\\/company\\\/ernstboecker\\\/\",\"https:\\\/\\\/www.instagram.com\\\/sauerteig_spezialist\\\/\"]}]}<\/script>\n<!-- \/ Yoast SEO plugin. -->","yoast_head_json":{"title":"Imprint \u2014 B\u00d6CKER \u2013Your expert in fermentation","robots":{"index":"index","follow":"follow","max-snippet":"max-snippet:-1","max-image-preview":"max-image-preview:large","max-video-preview":"max-video-preview:-1"},"canonical":"https:\/\/sauerteig.de\/en\/imprint\/","og_locale":"en_US","og_type":"article","og_title":"Imprint \u2014 B\u00d6CKER \u2013Your expert in fermentation","og_description":"Imprint Ernst B\u00d6CKER GmbH &amp; Co. KGRingstr. 55 \u2013 57\u00a032427 Minden, Westphalia, Germany Tel. +49 571\/837 99-0\u00a0Fax +49 571\/837 99-20 info@sauerteig.desauerteig.de Registration Court: Amtsgericht Bad OeynhausenRegistration Number: HR A 2596 Personally liable partner: B\u00d6CKER Associated Company with limited liability Amtsgericht Bad Oeynhausen HR B 3720 Managing Directors: Dr. Georg B\u00f6cker, Dr. Lukas B\u00f6cker, Sabina B\u00f6cker, [&hellip;]","og_url":"https:\/\/sauerteig.de\/en\/imprint\/","og_site_name":"BOE","article_publisher":"https:\/\/www.facebook.com\/IhrSauerteigSpezialist\/","article_modified_time":"2026-01-06T12:39:54+00:00","og_image":[{"width":1731,"height":546,"url":"https:\/\/sauerteig.de\/wp-content\/uploads\/2025\/04\/BOECKER_Logo_EN_Claim-1.png","type":"image\/png"}],"twitter_card":"summary_large_image","twitter_misc":{"Est. reading time":"1 minute"},"schema":{"@context":"https:\/\/schema.org","@graph":[{"@type":"WebPage","@id":"https:\/\/sauerteig.de\/en\/imprint\/","url":"https:\/\/sauerteig.de\/en\/imprint\/","name":"Imprint \u2014 B\u00d6CKER \u2013Your expert in fermentation","isPartOf":{"@id":"https:\/\/sauerteig.de\/en\/#website"},"datePublished":"2025-08-18T07:01:29+00:00","dateModified":"2026-01-06T12:39:54+00:00","breadcrumb":{"@id":"https:\/\/sauerteig.de\/en\/imprint\/#breadcrumb"},"inLanguage":"en-US","potentialAction":[{"@type":"ReadAction","target":["https:\/\/sauerteig.de\/en\/imprint\/"]}]},{"@type":"BreadcrumbList","@id":"https:\/\/sauerteig.de\/en\/imprint\/#breadcrumb","itemListElement":[{"@type":"ListItem","position":1,"name":"Home","item":"https:\/\/sauerteig.de\/en\/"},{"@type":"ListItem","position":2,"name":"Imprint"}]},{"@type":"WebSite","@id":"https:\/\/sauerteig.de\/en\/#website","url":"https:\/\/sauerteig.de\/en\/","name":"B\u00d6CKER","description":"dein Fermentations-Experte","publisher":{"@id":"https:\/\/sauerteig.de\/en\/#organization"},"potentialAction":[{"@type":"SearchAction","target":{"@type":"EntryPoint","urlTemplate":"https:\/\/sauerteig.de\/en\/?s={search_term_string}"},"query-input":{"@type":"PropertyValueSpecification","valueRequired":true,"valueName":"search_term_string"}}],"inLanguage":"en-US"},{"@type":"Organization","@id":"https:\/\/sauerteig.de\/en\/#organization","name":"B\u00d6CKER","url":"https:\/\/sauerteig.de\/en\/","logo":{"@type":"ImageObject","inLanguage":"en-US","@id":"https:\/\/sauerteig.de\/en\/#\/schema\/logo\/image\/","url":"https:\/\/sauerteig.de\/wp-content\/uploads\/2025\/04\/BOECKER_Logo_EN_Claim-sm-3.png","contentUrl":"https:\/\/sauerteig.de\/wp-content\/uploads\/2025\/04\/BOECKER_Logo_EN_Claim-sm-3.png","width":600,"height":189,"caption":"B\u00d6CKER"},"image":{"@id":"https:\/\/sauerteig.de\/en\/#\/schema\/logo\/image\/"},"sameAs":["https:\/\/www.facebook.com\/IhrSauerteigSpezialist\/","https:\/\/www.youtube.com\/@sauerteig_spezialist","https:\/\/www.linkedin.com\/company\/ernstboecker\/","https:\/\/www.instagram.com\/sauerteig_spezialist\/"]}]}},"_links":{"self":[{"href":"https:\/\/sauerteig.de\/en\/wp-json\/wp\/v2\/pages\/7097","targetHints":{"allow":["GET"]}}],"collection":[{"href":"https:\/\/sauerteig.de\/en\/wp-json\/wp\/v2\/pages"}],"about":[{"href":"https:\/\/sauerteig.de\/en\/wp-json\/wp\/v2\/types\/page"}],"author":[{"embeddable":true,"href":"https:\/\/sauerteig.de\/en\/wp-json\/wp\/v2\/users\/4"}],"replies":[{"embeddable":true,"href":"https:\/\/sauerteig.de\/en\/wp-json\/wp\/v2\/comments?post=7097"}],"version-history":[{"count":3,"href":"https:\/\/sauerteig.de\/en\/wp-json\/wp\/v2\/pages\/7097\/revisions"}],"predecessor-version":[{"id":13886,"href":"https:\/\/sauerteig.de\/en\/wp-json\/wp\/v2\/pages\/7097\/revisions\/13886"}],"wp:attachment":[{"href":"https:\/\/sauerteig.de\/en\/wp-json\/wp\/v2\/media?parent=7097"}],"curies":[{"name":"wp","href":"https:\/\/api.w.org\/{rel}","templated":true}]}}